{"id":5,"date":"2020-07-12T01:16:33","date_gmt":"2020-07-11T23:16:33","guid":{"rendered":"http:\/\/www.krautwurst.de\/krautwurst_wp\/?page_id=5"},"modified":"2024-09-26T14:07:17","modified_gmt":"2024-09-26T12:07:17","slug":"begruessung","status":"publish","type":"page","link":"https:\/\/www.krautwurst.de\/krautwurst_wp\/","title":{"rendered":"Begruessung"},"content":{"rendered":"\t\t<div data-elementor-type=\"wp-page\" data-elementor-id=\"5\" class=\"elementor elementor-5\">\n\t\t\t\t<div class=\"elementor-element elementor-element-046f9cd e-grid e-con-boxed e-con e-parent\" data-id=\"046f9cd\" data-element_type=\"container\" data-e-type=\"container\">\n\t\t\t\t\t<div class=\"e-con-inner\">\n\t\t<div class=\"elementor-element elementor-element-af3950a e-con-full e-flex e-con e-child\" data-id=\"af3950a\" data-element_type=\"container\" data-e-type=\"container\">\n\t\t\t\t<div class=\"elementor-element elementor-element-16d8868 elementor-widget elementor-widget-image\" data-id=\"16d8868\" data-element_type=\"widget\" data-e-type=\"widget\" data-widget_type=\"image.default\">\n\t\t\t\t<div class=\"elementor-widget-container\">\n\t\t\t\t\t\t\t\t\t\t\t\t\t\t\t\t<a href=\"http:\/\/www.krautwurst.de\/krautwurst_wp\/\">\n\t\t\t\t\t\t\t<img fetchpriority=\"high\" decoding=\"async\" width=\"1024\" height=\"378\" src=\"https:\/\/www.krautwurst.de\/krautwurst_wp\/wp-content\/uploads\/2020\/07\/jupiter-vec-div3-1024x378.png\" class=\"attachment-large size-large wp-image-22\" alt=\"\" srcset=\"https:\/\/www.krautwurst.de\/krautwurst_wp\/wp-content\/uploads\/2020\/07\/jupiter-vec-div3-1024x378.png 1024w, https:\/\/www.krautwurst.de\/krautwurst_wp\/wp-content\/uploads\/2020\/07\/jupiter-vec-div3-300x111.png 300w, https:\/\/www.krautwurst.de\/krautwurst_wp\/wp-content\/uploads\/2020\/07\/jupiter-vec-div3-768x283.png 768w, https:\/\/www.krautwurst.de\/krautwurst_wp\/wp-content\/uploads\/2020\/07\/jupiter-vec-div3.png 1537w\" sizes=\"(max-width: 1024px) 100vw, 1024px\" \/>\t\t\t\t\t\t\t\t<\/a>\n\t\t\t\t\t\t\t\t\t\t\t\t\t\t\t<\/div>\n\t\t\t\t<\/div>\n\t\t\t\t<\/div>\n\t\t<div class=\"elementor-element elementor-element-5ca8d4d e-con-full e-flex e-con e-child\" data-id=\"5ca8d4d\" data-element_type=\"container\" data-e-type=\"container\">\n\t\t\t\t<div class=\"elementor-element elementor-element-86dfbbd elementor-widget elementor-widget-heading\" data-id=\"86dfbbd\" data-element_type=\"widget\" data-e-type=\"widget\" data-widget_type=\"heading.default\">\n\t\t\t\t<div class=\"elementor-widget-container\">\n\t\t\t\t\t<h2 class=\"elementor-heading-title elementor-size-default\">Peter Krautwurst \u2022 Diplom-Handelslehrer<\/h2>\t\t\t\t<\/div>\n\t\t\t\t<\/div>\n\t\t\t\t<\/div>\n\t\t\t\t\t<\/div>\n\t\t\t\t<\/div>\n\t\t<div class=\"elementor-element elementor-element-43f5ebb e-grid e-con-boxed e-con e-parent\" data-id=\"43f5ebb\" data-element_type=\"container\" data-e-type=\"container\">\n\t\t\t\t\t<div class=\"e-con-inner\">\n\t\t\t\t<div class=\"elementor-element elementor-element-4080e7f elementor-widget elementor-widget-spacer\" data-id=\"4080e7f\" data-element_type=\"widget\" data-e-type=\"widget\" data-widget_type=\"spacer.default\">\n\t\t\t\t<div class=\"elementor-widget-container\">\n\t\t\t\t\t\t\t<div class=\"elementor-spacer\">\n\t\t\t<div class=\"elementor-spacer-inner\"><\/div>\n\t\t<\/div>\n\t\t\t\t\t\t<\/div>\n\t\t\t\t<\/div>\n\t\t\t\t\t<\/div>\n\t\t\t\t<\/div>\n\t\t<div class=\"elementor-element elementor-element-e5c554a e-grid e-con-boxed e-con e-parent\" data-id=\"e5c554a\" data-element_type=\"container\" data-e-type=\"container\">\n\t\t\t\t\t<div class=\"e-con-inner\">\n\t\t\t\t<div class=\"elementor-element elementor-element-35bdea4 elementor-widget elementor-widget-image\" data-id=\"35bdea4\" data-element_type=\"widget\" data-e-type=\"widget\" data-widget_type=\"image.default\">\n\t\t\t\t<div class=\"elementor-widget-container\">\n\t\t\t\t\t\t\t\t\t\t\t\t\t\t\t<img decoding=\"async\" width=\"480\" height=\"320\" src=\"https:\/\/www.krautwurst.de\/krautwurst_wp\/wp-content\/uploads\/2024\/06\/bbs_480x320-1.png\" class=\"attachment-large size-large wp-image-6029\" alt=\"\" srcset=\"https:\/\/www.krautwurst.de\/krautwurst_wp\/wp-content\/uploads\/2024\/06\/bbs_480x320-1.png 480w, https:\/\/www.krautwurst.de\/krautwurst_wp\/wp-content\/uploads\/2024\/06\/bbs_480x320-1-300x200.png 300w\" sizes=\"(max-width: 480px) 100vw, 480px\" \/>\t\t\t\t\t\t\t\t\t\t\t\t\t\t\t<\/div>\n\t\t\t\t<\/div>\n\t\t\t\t<div class=\"elementor-element elementor-element-2150d94 elementor-widget elementor-widget-image\" data-id=\"2150d94\" data-element_type=\"widget\" data-e-type=\"widget\" data-widget_type=\"image.default\">\n\t\t\t\t<div class=\"elementor-widget-container\">\n\t\t\t\t\t\t\t\t\t\t\t\t\t\t\t<img decoding=\"async\" width=\"480\" height=\"320\" src=\"https:\/\/www.krautwurst.de\/krautwurst_wp\/wp-content\/uploads\/2024\/06\/lernbuero-480x320-1.png\" class=\"attachment-large size-large wp-image-6030\" alt=\"\" srcset=\"https:\/\/www.krautwurst.de\/krautwurst_wp\/wp-content\/uploads\/2024\/06\/lernbuero-480x320-1.png 480w, https:\/\/www.krautwurst.de\/krautwurst_wp\/wp-content\/uploads\/2024\/06\/lernbuero-480x320-1-300x200.png 300w\" sizes=\"(max-width: 480px) 100vw, 480px\" \/>\t\t\t\t\t\t\t\t\t\t\t\t\t\t\t<\/div>\n\t\t\t\t<\/div>\n\t\t\t\t<div class=\"elementor-element elementor-element-4b5ea36 elementor-widget elementor-widget-image\" data-id=\"4b5ea36\" data-element_type=\"widget\" data-e-type=\"widget\" data-widget_type=\"image.default\">\n\t\t\t\t<div class=\"elementor-widget-container\">\n\t\t\t\t\t\t\t\t\t\t\t\t\t\t\t<img loading=\"lazy\" decoding=\"async\" width=\"480\" height=\"320\" src=\"https:\/\/www.krautwurst.de\/krautwurst_wp\/wp-content\/uploads\/2024\/06\/vhs_480x320.png\" class=\"attachment-large size-large wp-image-6031\" alt=\"\" srcset=\"https:\/\/www.krautwurst.de\/krautwurst_wp\/wp-content\/uploads\/2024\/06\/vhs_480x320.png 480w, https:\/\/www.krautwurst.de\/krautwurst_wp\/wp-content\/uploads\/2024\/06\/vhs_480x320-300x200.png 300w\" sizes=\"(max-width: 480px) 100vw, 480px\" \/>\t\t\t\t\t\t\t\t\t\t\t\t\t\t\t<\/div>\n\t\t\t\t<\/div>\n\t\t\t\t\t<\/div>\n\t\t\t\t<\/div>\n\t\t<div class=\"elementor-element elementor-element-3d05bed e-grid e-con-boxed e-con e-parent\" data-id=\"3d05bed\" data-element_type=\"container\" data-e-type=\"container\">\n\t\t\t\t\t<div class=\"e-con-inner\">\n\t\t\t\t<div class=\"elementor-element elementor-element-58b5b65 elementor-widget elementor-widget-heading\" data-id=\"58b5b65\" data-element_type=\"widget\" data-e-type=\"widget\" data-widget_type=\"heading.default\">\n\t\t\t\t<div class=\"elementor-widget-container\">\n\t\t\t\t\t<h2 class=\"elementor-heading-title elementor-size-default\">Hallo, willkommen auf meiner Homepage ...<\/h2>\t\t\t\t<\/div>\n\t\t\t\t<\/div>\n\t\t\t\t\t<\/div>\n\t\t\t\t<\/div>\n\t\t<div class=\"elementor-element elementor-element-b1b3bcf e-grid e-con-boxed e-con e-parent\" data-id=\"b1b3bcf\" data-element_type=\"container\" data-e-type=\"container\">\n\t\t\t\t\t<div class=\"e-con-inner\">\n\t\t\t\t<div class=\"elementor-element elementor-element-ddf6e8d elementor-widget elementor-widget-heading\" data-id=\"ddf6e8d\" data-element_type=\"widget\" data-e-type=\"widget\" data-widget_type=\"heading.default\">\n\t\t\t\t<div class=\"elementor-widget-container\">\n\t\t\t\t\t<h2 class=\"elementor-heading-title elementor-size-default\">die Bilder geben einen Hinweis auf  meinen beruflichen Werdegang ... <\/h2>\t\t\t\t<\/div>\n\t\t\t\t<\/div>\n\t\t\t\t\t<\/div>\n\t\t\t\t<\/div>\n\t\t<div class=\"elementor-element elementor-element-b483f3e e-grid e-con-boxed e-con e-parent\" data-id=\"b483f3e\" data-element_type=\"container\" data-e-type=\"container\">\n\t\t\t\t\t<div class=\"e-con-inner\">\n\t\t\t\t<div class=\"elementor-element elementor-element-62d0591 elementor-widget elementor-widget-image\" data-id=\"62d0591\" data-element_type=\"widget\" data-e-type=\"widget\" data-widget_type=\"image.default\">\n\t\t\t\t<div class=\"elementor-widget-container\">\n\t\t\t\t\t\t\t\t\t\t\t\t\t\t\t<img decoding=\"async\" src=\"https:\/\/www.krautwurst.de\/krautwurst_wp\/wp-content\/uploads\/elementor\/thumbs\/mich_x800-qmqzpgqrc78t9t4tt0fbseed6435r2dbzh9p35lm3k.jpg\" title=\"mich_x800\" alt=\"mich_x800\" loading=\"lazy\" \/>\t\t\t\t\t\t\t\t\t\t\t\t\t\t\t<\/div>\n\t\t\t\t<\/div>\n\t\t\t\t\t<\/div>\n\t\t\t\t<\/div>\n\t\t<div class=\"elementor-element elementor-element-fedcb56 e-grid e-con-boxed e-con e-parent\" data-id=\"fedcb56\" data-element_type=\"container\" data-e-type=\"container\">\n\t\t\t\t\t<div class=\"e-con-inner\">\n\t\t\t\t<div class=\"elementor-element elementor-element-6b9c8a0 elementor-widget elementor-widget-text-editor\" data-id=\"6b9c8a0\" data-element_type=\"widget\" data-e-type=\"widget\" data-widget_type=\"text-editor.default\">\n\t\t\t\t<div class=\"elementor-widget-container\">\n\t\t\t\t\t\t\t\t\t<ul><li>zun\u00e4chst Abitur am hiesigen Leibniz-Gymnasium,<\/li><li>dann das Studium der Betriebswirtschaft an der Universit\u00e4t des Saarlandes,<\/li><li>und den Abschluss als Diplom-Handelslehrer,<\/li><li>und meine T\u00e4tigkeit als Lehrer an den Berufsbildenden Schulen in Pirmasens (einschlie\u00dflich zehnj\u00e4hriger Erfahrung als hauptamtlicher Fachleiter am Staatl. Studienseminar f\u00fcr das Lehramt an Berufsbildenden Schulen in Rheinlandpfalz),<\/li><li>sowie aktuell als Dozent an der Volkshochschule Pirmasens.<\/li><\/ul>\t\t\t\t\t\t\t\t<\/div>\n\t\t\t\t<\/div>\n\t\t\t\t\t<\/div>\n\t\t\t\t<\/div>\n\t\t<div class=\"elementor-element elementor-element-d9f00bf e-grid e-con-boxed e-con e-parent\" data-id=\"d9f00bf\" data-element_type=\"container\" data-e-type=\"container\">\n\t\t\t\t\t<div class=\"e-con-inner\">\n\t\t\t\t<div class=\"elementor-element elementor-element-1d6f418 elementor-widget elementor-widget-text-editor\" data-id=\"1d6f418\" data-element_type=\"widget\" data-e-type=\"widget\" data-widget_type=\"text-editor.default\">\n\t\t\t\t<div class=\"elementor-widget-container\">\n\t\t\t\t\t\t\t\t\t<h4><a href=\"https:\/\/www.krautwurst.de\/krautwurst_wp\/impressum\">Impressum<\/a><\/h4>\t\t\t\t\t\t\t\t<\/div>\n\t\t\t\t<\/div>\n\t\t\t\t<div class=\"elementor-element elementor-element-e51ec30 hfe-search-layout-text elementor-widget elementor-widget-hfe-search-button\" data-id=\"e51ec30\" data-element_type=\"widget\" data-e-type=\"widget\" data-settings=\"{&quot;size_mobile&quot;:{&quot;unit&quot;:&quot;px&quot;,&quot;size&quot;:40,&quot;sizes&quot;:[]},&quot;size&quot;:{&quot;unit&quot;:&quot;px&quot;,&quot;size&quot;:50,&quot;sizes&quot;:[]},&quot;size_tablet&quot;:{&quot;unit&quot;:&quot;px&quot;,&quot;size&quot;:&quot;&quot;,&quot;sizes&quot;:[]},&quot;close_icon_size&quot;:{&quot;unit&quot;:&quot;px&quot;,&quot;size&quot;:&quot;20&quot;,&quot;sizes&quot;:[]},&quot;close_icon_size_tablet&quot;:{&quot;unit&quot;:&quot;px&quot;,&quot;size&quot;:&quot;&quot;,&quot;sizes&quot;:[]},&quot;close_icon_size_mobile&quot;:{&quot;unit&quot;:&quot;px&quot;,&quot;size&quot;:&quot;&quot;,&quot;sizes&quot;:[]}}\" data-widget_type=\"hfe-search-button.default\">\n\t\t\t\t<div class=\"elementor-widget-container\">\n\t\t\t\t\t\t\t<form class=\"hfe-search-button-wrapper\" role=\"search\" action=\"https:\/\/www.krautwurst.de\/krautwurst_wp\/\" method=\"get\">\n\n\t\t\t\t\t\t<div class=\"hfe-search-form__container\" role=\"tablist\">\n\t\t\t\t\t\t\t\t\t<input placeholder=\"Suchtext eingeben und best\u00e4tigen ..\" class=\"hfe-search-form__input\" type=\"search\" name=\"s\" title=\"Suche\" value=\"\">\n\t\t\t\t\t\t<button id=\"clear\" type=\"reset\">\n\t\t\t\t\t\t\t<i class=\"fas fa-times clearable__clear\" aria-hidden=\"true\"><\/i>\n\t\t\t\t\t\t<\/button>\n\t\t\t\t\t\t\t<\/div>\n\t\t\t\t<\/form>\n\t\t\t\t\t\t<\/div>\n\t\t\t\t<\/div>\n\t\t\t\t\t<\/div>\n\t\t\t\t<\/div>\n\t\t<div class=\"elementor-element elementor-element-0767f16 e-grid e-con-boxed e-con e-parent\" data-id=\"0767f16\" data-element_type=\"container\" data-e-type=\"container\">\n\t\t\t\t\t<div class=\"e-con-inner\">\n\t\t\t\t<div class=\"elementor-element elementor-element-a580b47 elementor-widget elementor-widget-spacer\" data-id=\"a580b47\" data-element_type=\"widget\" data-e-type=\"widget\" data-widget_type=\"spacer.default\">\n\t\t\t\t<div class=\"elementor-widget-container\">\n\t\t\t\t\t\t\t<div class=\"elementor-spacer\">\n\t\t\t<div class=\"elementor-spacer-inner\"><\/div>\n\t\t<\/div>\n\t\t\t\t\t\t<\/div>\n\t\t\t\t<\/div>\n\t\t\t\t\t<\/div>\n\t\t\t\t<\/div>\n\t\t<div class=\"elementor-element elementor-element-48fe7d2 e-grid e-con-boxed e-con e-parent\" data-id=\"48fe7d2\" data-element_type=\"container\" data-e-type=\"container\">\n\t\t\t\t\t<div class=\"e-con-inner\">\n\t\t\t\t<div class=\"elementor-element elementor-element-69ce663 elementor-widget elementor-widget-text-editor\" data-id=\"69ce663\" data-element_type=\"widget\" data-e-type=\"widget\" data-widget_type=\"text-editor.default\">\n\t\t\t\t<div class=\"elementor-widget-container\">\n\t\t\t\t\t\t\t\t\t<div><p>Herausgebildet haben sich zwei Arbeitsschwerpunkte bzw. Erkenntnisobjekte, die Sie auch mit entsprechenden Links erreichen k\u00f6nnen:<\/p><ul><li><a href=\"http:\/\/www.krautwurst.de\/lernbuero_wp\/\">Die Arbeit von Sch\u00fclerinnen und Sch\u00fclern in einem Lernb\u00fcro an einer Berufsbildenden Schule<\/a>\u00a0\u00a0<a href=\"http:\/\/www.krautwurst.de\/lernbuero_wp\/\"><img decoding=\"async\" src=\"images\/bild-buerosim-lehrbuch-illustrator-kl.png\" \/><\/a>\u00a0 &#8211; und &#8211;<\/li><li><a href=\"http:\/\/www.krautwurst.de\/krautwurst_wp\/autogenes-training\">Erkenntnisse aus dem Erfahrungsbereich der Psychologie und seiner Anwendung z.\u00a0B. im Autogenen Training.<\/a>\u00a0\u00a0<a href=\"http:\/\/www.krautwurst.de\/krautwurst_wp\/autogenes-training\"><img decoding=\"async\" src=\"images\/yin-yang-3-ai.png\" width=\"40\" \/><\/a><\/li><\/ul><\/div>\t\t\t\t\t\t\t\t<\/div>\n\t\t\t\t<\/div>\n\t\t\t\t\t<\/div>\n\t\t\t\t<\/div>\n\t\t<div class=\"elementor-element elementor-element-1b2b9b3 e-flex e-con-boxed e-con e-parent\" data-id=\"1b2b9b3\" data-element_type=\"container\" data-e-type=\"container\">\n\t\t\t\t\t<div class=\"e-con-inner\">\n\t\t<div class=\"elementor-element elementor-element-bee468a e-con-full e-flex e-con e-child\" data-id=\"bee468a\" data-element_type=\"container\" data-e-type=\"container\">\n\t\t\t\t<div class=\"elementor-element elementor-element-08d3aeb elementor-widget elementor-widget-spacer\" data-id=\"08d3aeb\" data-element_type=\"widget\" data-e-type=\"widget\" data-widget_type=\"spacer.default\">\n\t\t\t\t<div class=\"elementor-widget-container\">\n\t\t\t\t\t\t\t<div class=\"elementor-spacer\">\n\t\t\t<div class=\"elementor-spacer-inner\"><\/div>\n\t\t<\/div>\n\t\t\t\t\t\t<\/div>\n\t\t\t\t<\/div>\n\t\t\t\t<\/div>\n\t\t\t\t\t<\/div>\n\t\t\t\t<\/div>\n\t\t<div class=\"elementor-element elementor-element-2e62ccd e-grid e-con-boxed e-con e-parent\" data-id=\"2e62ccd\" data-element_type=\"container\" data-e-type=\"container\">\n\t\t\t\t\t<div class=\"e-con-inner\">\n\t\t\t\t<div class=\"elementor-element elementor-element-d82edf7 elementor-widget elementor-widget-copyright\" data-id=\"d82edf7\" data-element_type=\"widget\" data-e-type=\"widget\" data-widget_type=\"copyright.default\">\n\t\t\t\t<div class=\"elementor-widget-container\">\n\t\t\t\t\t\t\t<div class=\"hfe-copyright-wrapper\">\n\t\t\t\t\t\t\t<span>Copyright \u00a9 2026 Homepage von Peter Krautwurst <\/span>\n\t\t\t\t\t<\/div>\n\t\t\t\t\t\t<\/div>\n\t\t\t\t<\/div>\n\t\t\t\t\t<\/div>\n\t\t\t\t<\/div>\n\t\t\t\t<\/div>\n\t\t","protected":false},"excerpt":{"rendered":"<p>Peter Krautwurst \u2022 Diplom-Handelslehrer Hallo, willkommen auf meiner Homepage &#8230; die Bilder geben einen Hinweis auf meinen beruflichen Werdegang &#8230; zun\u00e4chst Abitur am hiesigen Leibniz-Gymnasium, dann das Studium der Betriebswirtschaft an der Universit\u00e4t des Saarlandes, und den Abschluss als Diplom-Handelslehrer, und meine T\u00e4tigkeit als Lehrer an den Berufsbildenden Schulen in Pirmasens (einschlie\u00dflich zehnj\u00e4hriger Erfahrung als [&hellip;]<\/p>\n","protected":false},"author":1,"featured_media":0,"parent":0,"menu_order":0,"comment_status":"closed","ping_status":"closed","template":"templates\/landing.php","meta":{"ocean_post_layout":"","ocean_both_sidebars_style":"","ocean_both_sidebars_content_width":0,"ocean_both_sidebars_sidebars_width":0,"ocean_sidebar":"0","ocean_second_sidebar":"0","ocean_disable_margins":"enable","ocean_add_body_class":"","ocean_shortcode_before_top_bar":"","ocean_shortcode_after_top_bar":"","ocean_shortcode_before_header":"","ocean_shortcode_after_header":"","ocean_has_shortcode":"","ocean_shortcode_after_title":"","ocean_shortcode_before_footer_widgets":"","ocean_shortcode_after_footer_widgets":"","ocean_shortcode_before_footer_bottom":"","ocean_shortcode_after_footer_bottom":"","ocean_display_top_bar":"off","ocean_display_header":"off","ocean_header_style":"","ocean_center_header_left_menu":"0","ocean_custom_header_template":"0","ocean_custom_logo":0,"ocean_custom_retina_logo":0,"ocean_custom_logo_max_width":0,"ocean_custom_logo_tablet_max_width":0,"ocean_custom_logo_mobile_max_width":0,"ocean_custom_logo_max_height":0,"ocean_custom_logo_tablet_max_height":0,"ocean_custom_logo_mobile_max_height":0,"ocean_header_custom_menu":"2","ocean_menu_typo_font_family":"0","ocean_menu_typo_font_subset":"","ocean_menu_typo_font_size":0,"ocean_menu_typo_font_size_tablet":0,"ocean_menu_typo_font_size_mobile":0,"ocean_menu_typo_font_size_unit":"px","ocean_menu_typo_font_weight":"","ocean_menu_typo_font_weight_tablet":"","ocean_menu_typo_font_weight_mobile":"","ocean_menu_typo_transform":"","ocean_menu_typo_transform_tablet":"","ocean_menu_typo_transform_mobile":"","ocean_menu_typo_line_height":0,"ocean_menu_typo_line_height_tablet":0,"ocean_menu_typo_line_height_mobile":0,"ocean_menu_typo_line_height_unit":"","ocean_menu_typo_spacing":0,"ocean_menu_typo_spacing_tablet":0,"ocean_menu_typo_spacing_mobile":0,"ocean_menu_typo_spacing_unit":"","ocean_menu_link_color":"","ocean_menu_link_color_hover":"","ocean_menu_link_color_active":"","ocean_menu_link_background":"","ocean_menu_link_hover_background":"","ocean_menu_link_active_background":"","ocean_menu_social_links_bg":"","ocean_menu_social_hover_links_bg":"","ocean_menu_social_links_color":"","ocean_menu_social_hover_links_color":"","ocean_disable_title":"default","ocean_disable_heading":"default","ocean_post_title":"","ocean_post_subheading":"","ocean_post_title_style":"","ocean_post_title_background_color":"","ocean_post_title_background":0,"ocean_post_title_bg_image_position":"","ocean_post_title_bg_image_attachment":"","ocean_post_title_bg_image_repeat":"","ocean_post_title_bg_image_size":"","ocean_post_title_height":0,"ocean_post_title_bg_overlay":0.5,"ocean_post_title_bg_overlay_color":"","ocean_disable_breadcrumbs":"off","ocean_breadcrumbs_color":"","ocean_breadcrumbs_separator_color":"","ocean_breadcrumbs_links_color":"","ocean_breadcrumbs_links_hover_color":"","ocean_display_footer_widgets":"on","ocean_display_footer_bottom":"on","ocean_custom_footer_template":"0","footnotes":""},"class_list":["post-5","page","type-page","status-publish","hentry","entry"],"yoast_head":"<!-- This site is optimized with the Yoast SEO plugin v27.5 - https:\/\/yoast.com\/product\/yoast-seo-wordpress\/ -->\n<title>Begruessung - Homepage von Peter Krautwurst %<\/title>\n<meta name=\"description\" content=\"Herzlich Willkommen - mein Werdegang: Berufsbildende Schulen - Thema Lernb\u00fcro, Volkshochschule - Themen Psychologisches, Autogenes Training\" \/>\n<meta name=\"robots\" content=\"index, follow, max-snippet:-1, max-image-preview:large, max-video-preview:-1\" \/>\n<link rel=\"canonical\" href=\"https:\/\/www.krautwurst.de\/krautwurst_wp\/\" \/>\n<meta property=\"og:locale\" content=\"de_DE\" \/>\n<meta property=\"og:type\" content=\"article\" \/>\n<meta property=\"og:title\" content=\"Begruessung - Homepage von Peter Krautwurst %\" \/>\n<meta property=\"og:description\" content=\"Herzlich Willkommen - mein Werdegang: Berufsbildende Schulen - Thema Lernb\u00fcro, Volkshochschule - Themen Psychologisches, Autogenes Training\" \/>\n<meta property=\"og:url\" content=\"https:\/\/www.krautwurst.de\/krautwurst_wp\/\" \/>\n<meta property=\"og:site_name\" content=\"Homepage von Peter Krautwurst\" \/>\n<meta property=\"article:modified_time\" content=\"2024-09-26T12:07:17+00:00\" \/>\n<meta property=\"og:image\" content=\"https:\/\/www.krautwurst.de\/krautwurst_wp\/wp-content\/uploads\/2020\/07\/jupiter-vec-div3-1024x378.png\" \/>\n<meta name=\"twitter:card\" content=\"summary_large_image\" \/>\n<meta name=\"twitter:label1\" content=\"Gesch\u00e4tzte Lesezeit\" \/>\n\t<meta name=\"twitter:data1\" content=\"3\u00a0Minuten\" \/>\n<script type=\"application\/ld+json\" class=\"yoast-schema-graph\">{\"@context\":\"https:\\\/\\\/schema.org\",\"@graph\":[{\"@type\":\"WebPage\",\"@id\":\"https:\\\/\\\/www.krautwurst.de\\\/krautwurst_wp\\\/\",\"url\":\"https:\\\/\\\/www.krautwurst.de\\\/krautwurst_wp\\\/\",\"name\":\"Begruessung - Homepage von Peter Krautwurst %\",\"isPartOf\":{\"@id\":\"https:\\\/\\\/www.krautwurst.de\\\/krautwurst_wp\\\/#website\"},\"primaryImageOfPage\":{\"@id\":\"https:\\\/\\\/www.krautwurst.de\\\/krautwurst_wp\\\/#primaryimage\"},\"image\":{\"@id\":\"https:\\\/\\\/www.krautwurst.de\\\/krautwurst_wp\\\/#primaryimage\"},\"thumbnailUrl\":\"https:\\\/\\\/www.krautwurst.de\\\/krautwurst_wp\\\/wp-content\\\/uploads\\\/2020\\\/07\\\/jupiter-vec-div3-1024x378.png\",\"datePublished\":\"2020-07-11T23:16:33+00:00\",\"dateModified\":\"2024-09-26T12:07:17+00:00\",\"description\":\"Herzlich Willkommen - mein Werdegang: Berufsbildende Schulen - Thema Lernb\u00fcro, Volkshochschule - Themen Psychologisches, Autogenes Training\",\"breadcrumb\":{\"@id\":\"https:\\\/\\\/www.krautwurst.de\\\/krautwurst_wp\\\/#breadcrumb\"},\"inLanguage\":\"de\",\"potentialAction\":[{\"@type\":\"ReadAction\",\"target\":[\"https:\\\/\\\/www.krautwurst.de\\\/krautwurst_wp\\\/\"]}]},{\"@type\":\"ImageObject\",\"inLanguage\":\"de\",\"@id\":\"https:\\\/\\\/www.krautwurst.de\\\/krautwurst_wp\\\/#primaryimage\",\"url\":\"https:\\\/\\\/www.krautwurst.de\\\/krautwurst_wp\\\/wp-content\\\/uploads\\\/2020\\\/07\\\/jupiter-vec-div3-1024x378.png\",\"contentUrl\":\"https:\\\/\\\/www.krautwurst.de\\\/krautwurst_wp\\\/wp-content\\\/uploads\\\/2020\\\/07\\\/jupiter-vec-div3-1024x378.png\"},{\"@type\":\"BreadcrumbList\",\"@id\":\"https:\\\/\\\/www.krautwurst.de\\\/krautwurst_wp\\\/#breadcrumb\",\"itemListElement\":[{\"@type\":\"ListItem\",\"position\":1,\"name\":\"Startseite\",\"item\":\"https:\\\/\\\/www.krautwurst.de\\\/krautwurst_wp\\\/\"},{\"@type\":\"ListItem\",\"position\":2,\"name\":\"Begruessung\"}]},{\"@type\":\"WebSite\",\"@id\":\"https:\\\/\\\/www.krautwurst.de\\\/krautwurst_wp\\\/#website\",\"url\":\"https:\\\/\\\/www.krautwurst.de\\\/krautwurst_wp\\\/\",\"name\":\"Homepage von Peter Krautwurst\",\"description\":\"Meine Arbeitsschwerpunkte\",\"potentialAction\":[{\"@type\":\"SearchAction\",\"target\":{\"@type\":\"EntryPoint\",\"urlTemplate\":\"https:\\\/\\\/www.krautwurst.de\\\/krautwurst_wp\\\/?s={search_term_string}\"},\"query-input\":{\"@type\":\"PropertyValueSpecification\",\"valueRequired\":true,\"valueName\":\"search_term_string\"}}],\"inLanguage\":\"de\"}]}<\/script>\n<!-- \/ Yoast SEO plugin. -->","yoast_head_json":{"title":"Begruessung - Homepage von Peter Krautwurst %","description":"Herzlich Willkommen - mein Werdegang: Berufsbildende Schulen - Thema Lernb\u00fcro, Volkshochschule - Themen Psychologisches, Autogenes Training","robots":{"index":"index","follow":"follow","max-snippet":"max-snippet:-1","max-image-preview":"max-image-preview:large","max-video-preview":"max-video-preview:-1"},"canonical":"https:\/\/www.krautwurst.de\/krautwurst_wp\/","og_locale":"de_DE","og_type":"article","og_title":"Begruessung - Homepage von Peter Krautwurst %","og_description":"Herzlich Willkommen - mein Werdegang: Berufsbildende Schulen - Thema Lernb\u00fcro, Volkshochschule - Themen Psychologisches, Autogenes Training","og_url":"https:\/\/www.krautwurst.de\/krautwurst_wp\/","og_site_name":"Homepage von Peter Krautwurst","article_modified_time":"2024-09-26T12:07:17+00:00","og_image":[{"url":"https:\/\/www.krautwurst.de\/krautwurst_wp\/wp-content\/uploads\/2020\/07\/jupiter-vec-div3-1024x378.png","type":"","width":"","height":""}],"twitter_card":"summary_large_image","twitter_misc":{"Gesch\u00e4tzte Lesezeit":"3\u00a0Minuten"},"schema":{"@context":"https:\/\/schema.org","@graph":[{"@type":"WebPage","@id":"https:\/\/www.krautwurst.de\/krautwurst_wp\/","url":"https:\/\/www.krautwurst.de\/krautwurst_wp\/","name":"Begruessung - Homepage von Peter Krautwurst %","isPartOf":{"@id":"https:\/\/www.krautwurst.de\/krautwurst_wp\/#website"},"primaryImageOfPage":{"@id":"https:\/\/www.krautwurst.de\/krautwurst_wp\/#primaryimage"},"image":{"@id":"https:\/\/www.krautwurst.de\/krautwurst_wp\/#primaryimage"},"thumbnailUrl":"https:\/\/www.krautwurst.de\/krautwurst_wp\/wp-content\/uploads\/2020\/07\/jupiter-vec-div3-1024x378.png","datePublished":"2020-07-11T23:16:33+00:00","dateModified":"2024-09-26T12:07:17+00:00","description":"Herzlich Willkommen - mein Werdegang: Berufsbildende Schulen - Thema Lernb\u00fcro, Volkshochschule - Themen Psychologisches, Autogenes Training","breadcrumb":{"@id":"https:\/\/www.krautwurst.de\/krautwurst_wp\/#breadcrumb"},"inLanguage":"de","potentialAction":[{"@type":"ReadAction","target":["https:\/\/www.krautwurst.de\/krautwurst_wp\/"]}]},{"@type":"ImageObject","inLanguage":"de","@id":"https:\/\/www.krautwurst.de\/krautwurst_wp\/#primaryimage","url":"https:\/\/www.krautwurst.de\/krautwurst_wp\/wp-content\/uploads\/2020\/07\/jupiter-vec-div3-1024x378.png","contentUrl":"https:\/\/www.krautwurst.de\/krautwurst_wp\/wp-content\/uploads\/2020\/07\/jupiter-vec-div3-1024x378.png"},{"@type":"BreadcrumbList","@id":"https:\/\/www.krautwurst.de\/krautwurst_wp\/#breadcrumb","itemListElement":[{"@type":"ListItem","position":1,"name":"Startseite","item":"https:\/\/www.krautwurst.de\/krautwurst_wp\/"},{"@type":"ListItem","position":2,"name":"Begruessung"}]},{"@type":"WebSite","@id":"https:\/\/www.krautwurst.de\/krautwurst_wp\/#website","url":"https:\/\/www.krautwurst.de\/krautwurst_wp\/","name":"Homepage von Peter Krautwurst","description":"Meine Arbeitsschwerpunkte","potentialAction":[{"@type":"SearchAction","target":{"@type":"EntryPoint","urlTemplate":"https:\/\/www.krautwurst.de\/krautwurst_wp\/?s={search_term_string}"},"query-input":{"@type":"PropertyValueSpecification","valueRequired":true,"valueName":"search_term_string"}}],"inLanguage":"de"}]}},"_links":{"self":[{"href":"https:\/\/www.krautwurst.de\/krautwurst_wp\/wp-json\/wp\/v2\/pages\/5","targetHints":{"allow":["GET"]}}],"collection":[{"href":"https:\/\/www.krautwurst.de\/krautwurst_wp\/wp-json\/wp\/v2\/pages"}],"about":[{"href":"https:\/\/www.krautwurst.de\/krautwurst_wp\/wp-json\/wp\/v2\/types\/page"}],"author":[{"embeddable":true,"href":"https:\/\/www.krautwurst.de\/krautwurst_wp\/wp-json\/wp\/v2\/users\/1"}],"replies":[{"embeddable":true,"href":"https:\/\/www.krautwurst.de\/krautwurst_wp\/wp-json\/wp\/v2\/comments?post=5"}],"version-history":[{"count":0,"href":"https:\/\/www.krautwurst.de\/krautwurst_wp\/wp-json\/wp\/v2\/pages\/5\/revisions"}],"wp:attachment":[{"href":"https:\/\/www.krautwurst.de\/krautwurst_wp\/wp-json\/wp\/v2\/media?parent=5"}],"curies":[{"name":"wp","href":"https:\/\/api.w.org\/{rel}","templated":true}]}}